{"id":3012,"date":"2024-11-05T16:54:25","date_gmt":"2024-11-05T15:54:25","guid":{"rendered":"https:\/\/smat-trade.com\/?page_id=3012"},"modified":"2025-10-31T11:06:33","modified_gmt":"2025-10-31T10:06:33","slug":"stamina-cz","status":"publish","type":"page","link":"https:\/\/smat-trade.com\/cs\/stamina-cz\/","title":{"rendered":"S:TAMINA"},"content":{"rendered":"<section class=\"wpb-content-wrapper\"><p>[vc_row][vc_column]\t<!-- BEGIN: .projects -->\n\t<div class=\"projects projects-shortcode projects-grid projects-has-filter  \">\n\t\t<div class=\"projects-wrap\">\n\t\t\t\n\t\t\t\n\t\t\t\t\t\t\t\t\t<div class=\"projects-filter\">\n\t\t\t\t\t\t<ul data-filter-target=\".projects-items[data-grid]\">\n\t\t\t\t\t\t\t<li data-filter=\"*\" class=\"active\">\n\t\t\t\t\t\t\t\t<a href=\"javascript:;\">\n\t\t\t\t\t\t\t\t\tAll\t\t\t\t\t\t\t\t<\/a>\n\t\t\t\t\t\t\t<\/li>\n\t\t\t\t\t\t\t\t\t\t\t\t\t\t\t<li data-filter=\".nproject-category-pu-peny\">\n\t\t\t\t\t\t\t\t\t<a href=\"https:\/\/smat-trade.com\/cs\/nproject-category\/pu-peny\/\">\n\t\t\t\t\t\t\t\t\t\tPU p\u011bny\t\t\t\t\t\t\t\t\t<\/a>\n\t\t\t\t\t\t\t\t<\/li>\n\t\t\t\t\t\t\t\t\t\t\t\t\t<\/ul>\n\t\t\t\t\t<\/div>\n\t\t\t\t\t\t\t\n\t\t\t<div class=\"projects-items\" data-grid=\"{&quot;itemSelector&quot;:&quot;.project&quot;}\" data-columns=\"2\">\n\n\t\t\t\t\t\t\t\t\t<!-- Project -->\n\t\t\t\t\t<div class=\"project post-3069 nproject type-nproject status-publish has-post-thumbnail hentry nproject-category-pu-peny nproject-tag-stamina-cz nproject-tag-vydrz\">\n\t\t\t\t\t\t\t\t\t\t\t\t\t<div class=\"project-inner\">\n\t\t\t\t\t\t\n\t\t\t\t\t\t\t<figure class=\"project-thumbnail\">\n\t\t\t\t\t\t\t\t<img loading=\"lazy\" decoding=\"async\" width=\"2560\" height=\"988\" src=\"https:\/\/smat-trade.com\/wp-content\/uploads\/2024\/01\/PUR-FLEX-250_image3_bez-pozadi-5-scaled.jpg\" class=\"attachment-full\" alt=\"\" srcset=\"https:\/\/smat-trade.com\/wp-content\/uploads\/2024\/01\/PUR-FLEX-250_image3_bez-pozadi-5-scaled.jpg 2560w, https:\/\/smat-trade.com\/wp-content\/uploads\/2024\/01\/PUR-FLEX-250_image3_bez-pozadi-5-300x116.jpg 300w, https:\/\/smat-trade.com\/wp-content\/uploads\/2024\/01\/PUR-FLEX-250_image3_bez-pozadi-5-1024x395.jpg 1024w, https:\/\/smat-trade.com\/wp-content\/uploads\/2024\/01\/PUR-FLEX-250_image3_bez-pozadi-5-768x296.jpg 768w, https:\/\/smat-trade.com\/wp-content\/uploads\/2024\/01\/PUR-FLEX-250_image3_bez-pozadi-5-1536x593.jpg 1536w, https:\/\/smat-trade.com\/wp-content\/uploads\/2024\/01\/PUR-FLEX-250_image3_bez-pozadi-5-2048x791.jpg 2048w\" sizes=\"(max-width: 2560px) 100vw, 2560px\" \/>\t\t\t\t\t\t\t<\/figure>\n\n\t\t\t\t\t\t\t<div class=\"project-info\">\n\t\t\t\t\t\t\t\t<div class=\"project-info-inner\">\n\t\t\t\t\t\t\t\t\t<h2 class=\"project-title\" itemprop=\"name headline\">\n\t\t\t\t\t\t\t\t\t\tPUR FLEX 250 monta\u017en\u00ed p\u011bna\t\t\t\t\t\t\t\t\t<\/h2>\n\n\t\t\t\t\t\t\t\t\t\t\t\t\t\t\t\t\t\t\t<div class=\"project-summary\">\n\t\t\t\t\t\t\t\t\t\t\t\t\t\t\t\t\t\t\t\t\t<\/div>\n\t\t\t\t\t\t\t\t\t\n\t\t\t\t\t\t\t\t\t\t\t\t\t\t\t\t\t\t\t<div class=\"project-info-list\">\n\t\t\t\t\t\t\t\t\t\t\t\t\t\t\t\t\t\t\t\t\t<div class=\"item\">\n\t\t\t\t\t\t\t\t\t\t\t\t<h6>Typ v\u00fdrobku<\/h6>\n\t\t\t\t\t\t\t\t\t\t\t\t<p>PU p\u011bna <\/p>\n\t\t\t\t\t\t\t\t\t\t\t<\/div>\n\t\t\t\t\t\t\t\t\t\t\t\t\t\t\t\t\t\t\t\t\t<div class=\"item\">\n\t\t\t\t\t\t\t\t\t\t\t\t<h6>Vlastnosti<\/h6>\n\t\t\t\t\t\t\t\t\t\t\t\t<p>Flexibiln\u00ed p\u011bna s del\u0161\u00ed \u017eivotnosti; Protihlukov\u00fd a tepeln\u00fd izolant (\u03bb = 0,036); Parot\u011bsn\u00e1 <\/p>\n\t\t\t\t\t\t\t\t\t\t\t<\/div>\n\t\t\t\t\t\t\t\t\t\t\t\t\t\t\t\t\t\t\t\t\t<div class=\"item\">\n\t\t\t\t\t\t\t\t\t\t\t\t<h6>Reference<\/h6>\n\t\t\t\t\t\t\t\t\t\t\t\t<p>PF250.750 <\/p>\n\t\t\t\t\t\t\t\t\t\t\t<\/div>\n\t\t\t\t\t\t\t\t\t\t\t\t\t\t\t\t\t\t\t\t\t<div class=\"item\">\n\t\t\t\t\t\t\t\t\t\t\t\t<h6>Pozn\u00e1mka<\/h6>\n\t\t\t\t\t\t\t\t\t\t\t\t<p>do pistole <\/p>\n\t\t\t\t\t\t\t\t\t\t\t<\/div>\n\t\t\t\t\t\t\t\t\t\t\t\t\t\t\t\t\t\t\t\t\t<div class=\"item\">\n\t\t\t\t\t\t\t\t\t\t\t\t<h6>Aplika\u010dn\u00ed teploty<\/h6>\n\t\t\t\t\t\t\t\t\t\t\t\t<p>-10\u00b0C a\u017e +30\u00b0C <\/p>\n\t\t\t\t\t\t\t\t\t\t\t<\/div>\n\t\t\t\t\t\t\t\t\t\t\t\t\t\t\t\t\t\t\t\t\t<div class=\"item\">\n\t\t\t\t\t\t\t\t\t\t\t\t<h6>Emisn\u00ed t\u0159\u00edda<\/h6>\n\t\t\t\t\t\t\t\t\t\t\t\t<p>EC1 Plus <\/p>\n\t\t\t\t\t\t\t\t\t\t\t<\/div>\n\t\t\t\t\t\t\t\t\t\t\t\t\t\t\t\t\t\t\t\t\t<div class=\"item\">\n\t\t\t\t\t\t\t\t\t\t\t\t<h6>Balen\u00ed<\/h6>\n\t\t\t\t\t\t\t\t\t\t\t\t<p>12ks\/karton - 42 karton\u016f\/palet\u011b <\/p>\n\t\t\t\t\t\t\t\t\t\t\t<\/div>\n\t\t\t\t\t\t\t\t\t\t\t\t\t\t\t\t\t\t\t\t\t<div class=\"item\">\n\t\t\t\t\t\t\t\t\t\t\t\t<h6>Pou\u017eiti<\/h6>\n\t\t\t\t\t\t\t\t\t\t\t\t<p>Mont\u00e1\u017e dve\u0159n\u00edch nebo okenn\u00edch r\u00e1m\u016f, vypl\u0148ov\u00e1n\u00ed tenk\u00fdch dutin <\/p>\n\t\t\t\t\t\t\t\t\t\t\t<\/div>\n\t\t\t\t\t\t\t\t\t\t\t\t\t\t\t\t\t\t\t\t\t<div class=\"item\">\n\t\t\t\t\t\t\t\t\t\t\t\t<h6>Doba uchov\u00e1v\u00e1n\u00ed<\/h6>\n\t\t\t\t\t\t\t\t\t\t\t\t<p>15 m\u011bs\u00edc\u016f <\/p>\n\t\t\t\t\t\t\t\t\t\t\t<\/div>\n\t\t\t\t\t\t\t\t\t\t\t\t\t\t\t\t\t\t\t\t\t<div class=\"item\">\n\t\t\t\t\t\t\t\t\t\t\t\t<h6>T\u0159\u00edda reakce na ohe\u0148<\/h6>\n\t\t\t\t\t\t\t\t\t\t\t\t<p>B2 <\/p>\n\t\t\t\t\t\t\t\t\t\t\t<\/div>\n\t\t\t\t\t\t\t\t\t\t\t\t\t\t\t\t\t\t\t\t<\/div>\n\t\t\t\t\t\t\t\t\t\t\t\t\t\t\t\t\t\t\n\t\t\t\t\t\t\t\t\t\t\t\t\t\t\t\t\t\t\t<div class=\"project-readmore\">\n\t\t\t\t\t\t\t\t\t\t\t<a class=\"button full small primary\" href=\"https:\/\/smat-trade.com\/cs\/nproject\/pur-flex-250-montazni-pena\/\">V\u00edce<\/a>\n\t\t\t\t\t\t\t\t\t\t<\/div>\n\t\t\t\t\t\t\t\t\t\t\t\t\t\t\t\t\t<\/div>\n\t\t\t\t\t\t\t<\/div>\n\n\t\t\t\t\t\t<\/div>\n\t\t\t\t\t<\/div>\n\t\t\t\t\t<!-- \/Project -->\n\n\t\t\t\t\t\t\t\t\t<!-- Project -->\n\t\t\t\t\t<div class=\"project post-2967 nproject type-nproject status-publish has-post-thumbnail hentry nproject-category-pu-peny nproject-tag-stamina-cz nproject-tag-vydrz\">\n\t\t\t\t\t\t\t\t\t\t\t\t\t<div class=\"project-inner\">\n\t\t\t\t\t\t\n\t\t\t\t\t\t\t<figure class=\"project-thumbnail\">\n\t\t\t\t\t\t\t\t<img loading=\"lazy\" decoding=\"async\" width=\"2560\" height=\"989\" src=\"https:\/\/smat-trade.com\/wp-content\/uploads\/2024\/01\/PUR-BOND-600_image3_bez-pozadi-8-scaled.jpg\" class=\"attachment-full\" alt=\"\" srcset=\"https:\/\/smat-trade.com\/wp-content\/uploads\/2024\/01\/PUR-BOND-600_image3_bez-pozadi-8-scaled.jpg 2560w, https:\/\/smat-trade.com\/wp-content\/uploads\/2024\/01\/PUR-BOND-600_image3_bez-pozadi-8-300x116.jpg 300w, https:\/\/smat-trade.com\/wp-content\/uploads\/2024\/01\/PUR-BOND-600_image3_bez-pozadi-8-1024x396.jpg 1024w, https:\/\/smat-trade.com\/wp-content\/uploads\/2024\/01\/PUR-BOND-600_image3_bez-pozadi-8-768x297.jpg 768w, https:\/\/smat-trade.com\/wp-content\/uploads\/2024\/01\/PUR-BOND-600_image3_bez-pozadi-8-1536x593.jpg 1536w, https:\/\/smat-trade.com\/wp-content\/uploads\/2024\/01\/PUR-BOND-600_image3_bez-pozadi-8-2048x791.jpg 2048w\" sizes=\"(max-width: 2560px) 100vw, 2560px\" \/>\t\t\t\t\t\t\t<\/figure>\n\n\t\t\t\t\t\t\t<div class=\"project-info\">\n\t\t\t\t\t\t\t\t<div class=\"project-info-inner\">\n\t\t\t\t\t\t\t\t\t<h2 class=\"project-title\" itemprop=\"name headline\">\n\t\t\t\t\t\t\t\t\t\tPUR BOND 600 mont\u00e1\u017en\u00ed lepidlo\t\t\t\t\t\t\t\t\t<\/h2>\n\n\t\t\t\t\t\t\t\t\t\t\t\t\t\t\t\t\t\t\t<div class=\"project-summary\">\n\t\t\t\t\t\t\t\t\t\t\t\t\t\t\t\t\t\t\t\t\t<\/div>\n\t\t\t\t\t\t\t\t\t\n\t\t\t\t\t\t\t\t\t\t\t\t\t\t\t\t\t\t\t<div class=\"project-info-list\">\n\t\t\t\t\t\t\t\t\t\t\t\t\t\t\t\t\t\t\t\t\t<div class=\"item\">\n\t\t\t\t\t\t\t\t\t\t\t\t<h6>Typ v\u00fdrobku<\/h6>\n\t\t\t\t\t\t\t\t\t\t\t\t<p>PU P\u011bna <\/p>\n\t\t\t\t\t\t\t\t\t\t\t<\/div>\n\t\t\t\t\t\t\t\t\t\t\t\t\t\t\t\t\t\t\t\t\t<div class=\"item\">\n\t\t\t\t\t\t\t\t\t\t\t\t<h6>Mater\u00ed\u00e1ly<\/h6>\n\t\t\t\t\t\t\t\t\t\t\t\t<p>K okam\u017eit\u00e9mu pou\u017eit\u00ed; Siln\u00e1 p\u0159ilnavost; Jak\u00fdkoli typ substr\u00e1tu (pokud nen\u00ed uvedeno jinak) <\/p>\n\t\t\t\t\t\t\t\t\t\t\t<\/div>\n\t\t\t\t\t\t\t\t\t\t\t\t\t\t\t\t\t\t\t\t\t<div class=\"item\">\n\t\t\t\t\t\t\t\t\t\t\t\t<h6>Reference<\/h6>\n\t\t\t\t\t\t\t\t\t\t\t\t<p>PB600.750 <\/p>\n\t\t\t\t\t\t\t\t\t\t\t<\/div>\n\t\t\t\t\t\t\t\t\t\t\t\t\t\t\t\t\t\t\t\t\t<div class=\"item\">\n\t\t\t\t\t\t\t\t\t\t\t\t<h6>Pozn\u00e1mka<\/h6>\n\t\t\t\t\t\t\t\t\t\t\t\t<p>do pistole <\/p>\n\t\t\t\t\t\t\t\t\t\t\t<\/div>\n\t\t\t\t\t\t\t\t\t\t\t\t\t\t\t\t\t\t\t\t\t<div class=\"item\">\n\t\t\t\t\t\t\t\t\t\t\t\t<h6>Aplika\u010dn\u00ed teploty<\/h6>\n\t\t\t\t\t\t\t\t\t\t\t\t<p>+5\u00b0C a\u017e +30\u00b0C <\/p>\n\t\t\t\t\t\t\t\t\t\t\t<\/div>\n\t\t\t\t\t\t\t\t\t\t\t\t\t\t\t\t\t\t\t\t\t<div class=\"item\">\n\t\t\t\t\t\t\t\t\t\t\t\t<h6>Emisn\u00ed t\u0159\u00edda<\/h6>\n\t\t\t\t\t\t\t\t\t\t\t\t<p>EC1 Plus <\/p>\n\t\t\t\t\t\t\t\t\t\t\t<\/div>\n\t\t\t\t\t\t\t\t\t\t\t\t\t\t\t\t\t\t\t\t\t<div class=\"item\">\n\t\t\t\t\t\t\t\t\t\t\t\t<h6>Balen\u00ed<\/h6>\n\t\t\t\t\t\t\t\t\t\t\t\t<p>12ks\/karton - 42 karton\u016f\/palet\u011b <\/p>\n\t\t\t\t\t\t\t\t\t\t\t<\/div>\n\t\t\t\t\t\t\t\t\t\t\t\t\t\t\t\t\t\t\t\t\t<div class=\"item\">\n\t\t\t\t\t\t\t\t\t\t\t\t<h6>Pou\u017eiti<\/h6>\n\t\t\t\t\t\t\t\t\t\t\t\t<p>Lepen\u00ed izola\u010dn\u00edch panel\u016f pro st\u0159echy <\/p>\n\t\t\t\t\t\t\t\t\t\t\t<\/div>\n\t\t\t\t\t\t\t\t\t\t\t\t\t\t\t\t\t\t\t\t\t<div class=\"item\">\n\t\t\t\t\t\t\t\t\t\t\t\t<h6>Doba uchov\u00e1v\u00e1n\u00ed<\/h6>\n\t\t\t\t\t\t\t\t\t\t\t\t<p>15 m\u011bs\u00edc\u016f <\/p>\n\t\t\t\t\t\t\t\t\t\t\t<\/div>\n\t\t\t\t\t\t\t\t\t\t\t\t\t\t\t\t\t\t\t\t\t<div class=\"item\">\n\t\t\t\t\t\t\t\t\t\t\t\t<h6>T\u0159\u00edda reakce na ohe\u0148<\/h6>\n\t\t\t\t\t\t\t\t\t\t\t\t<p>B1 <\/p>\n\t\t\t\t\t\t\t\t\t\t\t<\/div>\n\t\t\t\t\t\t\t\t\t\t\t\t\t\t\t\t\t\t\t\t<\/div>\n\t\t\t\t\t\t\t\t\t\t\t\t\t\t\t\t\t\t\n\t\t\t\t\t\t\t\t\t\t\t\t\t\t\t\t\t\t\t<div class=\"project-readmore\">\n\t\t\t\t\t\t\t\t\t\t\t<a class=\"button full small primary\" href=\"https:\/\/smat-trade.com\/cs\/nproject\/pur-bond-600-montazni-lepidlo\/\">V\u00edce<\/a>\n\t\t\t\t\t\t\t\t\t\t<\/div>\n\t\t\t\t\t\t\t\t\t\t\t\t\t\t\t\t\t<\/div>\n\t\t\t\t\t\t\t<\/div>\n\n\t\t\t\t\t\t<\/div>\n\t\t\t\t\t<\/div>\n\t\t\t\t\t<!-- \/Project -->\n\n\t\t\t\t\t\t\t\t\n\t\t\t<\/div>\n\t\t<\/div>\n\t<\/div>\n\t<!-- END: .projects -->\n[\/vc_column][\/vc_row][vc_row gap=&#8220;10&#8243; content_placement=&#8220;middle&#8220;][\/vc_row][vc_column width=&#8220;1\/2&#8243;][\/vc_column]<\/p>\n<\/section>","protected":false},"excerpt":{"rendered":"<p>[vc_row][vc_column][\/vc_column][\/vc_row][vc_row gap=&#8220;10&#8243","protected":false},"author":1,"featured_media":3110,"parent":0,"menu_order":0,"comment_status":"closed","ping_status":"closed","template":"","meta":{"inline_featured_image":false,"footnotes":""},"class_list":["post-3012","page","type-page","status-publish","has-post-thumbnail","hentry"],"acf":[],"yoast_head":"<!-- This site is optimized with the Yoast SEO plugin v22.2 - https:\/\/yoast.com\/wordpress\/plugins\/seo\/ -->\n<title>S:TAMINA - Smattrade<\/title>\n<meta name=\"robots\" content=\"index, follow, max-snippet:-1, max-image-preview:large, max-video-preview:-1\" \/>\n<link rel=\"canonical\" href=\"https:\/\/smat-trade.com\/fr-stamina\/\" \/>\n<meta property=\"og:locale\" content=\"cs_CZ\" \/>\n<meta property=\"og:type\" content=\"article\" \/>\n<meta property=\"og:title\" content=\"S:TAMINA - Smattrade\" \/>\n<meta property=\"og:description\" content=\"[vc_row][vc_column][\/vc_column][\/vc_row][vc_row gap=&#8220;10&#8243; content_placement=&#8220;middle&#8220;][\/vc_row][vc_column width=&#8220;1\/2&#8243;][\/vc_column]\" \/>\n<meta property=\"og:url\" content=\"https:\/\/smat-trade.com\/fr-stamina\/\" \/>\n<meta property=\"og:site_name\" content=\"Smattrade\" \/>\n<meta property=\"article:modified_time\" content=\"2025-10-31T10:06:33+00:00\" \/>\n<meta property=\"og:image\" content=\"https:\/\/smat-trade.com\/wp-content\/uploads\/2024\/03\/Link_Konex_products-2-1024x583.png\" \/>\n<meta name=\"twitter:card\" content=\"summary_large_image\" \/>\n<meta name=\"twitter:label1\" content=\"Odhadovan\u00e1 doba \u010dten\u00ed\" \/>\n\t<meta name=\"twitter:data1\" content=\"1 minuta\" \/>\n<script type=\"application\/ld+json\" class=\"yoast-schema-graph\">{\"@context\":\"https:\/\/schema.org\",\"@graph\":[{\"@type\":\"WebPage\",\"@id\":\"https:\/\/smat-trade.com\/fr-stamina\/\",\"url\":\"https:\/\/smat-trade.com\/fr-stamina\/\",\"name\":\"S:TAMINA - Smattrade\",\"isPartOf\":{\"@id\":\"https:\/\/smat-trade.com\/#website\"},\"primaryImageOfPage\":{\"@id\":\"https:\/\/smat-trade.com\/fr-stamina\/#primaryimage\"},\"image\":{\"@id\":\"https:\/\/smat-trade.com\/fr-stamina\/#primaryimage\"},\"thumbnailUrl\":\"https:\/\/smat-trade.com\/wp-content\/uploads\/2024\/11\/S-TAMINA__STAMINA_SM_TIGER_BLUEBACK.png\",\"datePublished\":\"2024-11-05T15:54:25+00:00\",\"dateModified\":\"2025-10-31T10:06:33+00:00\",\"breadcrumb\":{\"@id\":\"https:\/\/smat-trade.com\/fr-stamina\/#breadcrumb\"},\"inLanguage\":\"cs\",\"potentialAction\":[{\"@type\":\"ReadAction\",\"target\":[\"https:\/\/smat-trade.com\/fr-stamina\/\"]}]},{\"@type\":\"ImageObject\",\"inLanguage\":\"cs\",\"@id\":\"https:\/\/smat-trade.com\/fr-stamina\/#primaryimage\",\"url\":\"https:\/\/smat-trade.com\/wp-content\/uploads\/2024\/11\/S-TAMINA__STAMINA_SM_TIGER_BLUEBACK.png\",\"contentUrl\":\"https:\/\/smat-trade.com\/wp-content\/uploads\/2024\/11\/S-TAMINA__STAMINA_SM_TIGER_BLUEBACK.png\",\"width\":1126,\"height\":1126},{\"@type\":\"BreadcrumbList\",\"@id\":\"https:\/\/smat-trade.com\/fr-stamina\/#breadcrumb\",\"itemListElement\":[{\"@type\":\"ListItem\",\"position\":1,\"name\":\"Home\",\"item\":\"https:\/\/smat-trade.com\/cs\/\"},{\"@type\":\"ListItem\",\"position\":2,\"name\":\"S:TAMINA\"}]},{\"@type\":\"WebSite\",\"@id\":\"https:\/\/smat-trade.com\/#website\",\"url\":\"https:\/\/smat-trade.com\/\",\"name\":\"Smattrade\",\"description\":\"ETICS accessories specialist\",\"potentialAction\":[{\"@type\":\"SearchAction\",\"target\":{\"@type\":\"EntryPoint\",\"urlTemplate\":\"https:\/\/smat-trade.com\/?s={search_term_string}\"},\"query-input\":\"required name=search_term_string\"}],\"inLanguage\":\"cs\"}]}<\/script>\n<!-- \/ Yoast SEO plugin. -->","yoast_head_json":{"title":"S:TAMINA - Smattrade","robots":{"index":"index","follow":"follow","max-snippet":"max-snippet:-1","max-image-preview":"max-image-preview:large","max-video-preview":"max-video-preview:-1"},"canonical":"https:\/\/smat-trade.com\/fr-stamina\/","og_locale":"cs_CZ","og_type":"article","og_title":"S:TAMINA - Smattrade","og_description":"[vc_row][vc_column][\/vc_column][\/vc_row][vc_row gap=&#8220;10&#8243; content_placement=&#8220;middle&#8220;][\/vc_row][vc_column width=&#8220;1\/2&#8243;][\/vc_column]","og_url":"https:\/\/smat-trade.com\/fr-stamina\/","og_site_name":"Smattrade","article_modified_time":"2025-10-31T10:06:33+00:00","og_image":[{"url":"https:\/\/smat-trade.com\/wp-content\/uploads\/2024\/03\/Link_Konex_products-2-1024x583.png"}],"twitter_card":"summary_large_image","twitter_misc":{"Odhadovan\u00e1 doba \u010dten\u00ed":"1 minuta"},"schema":{"@context":"https:\/\/schema.org","@graph":[{"@type":"WebPage","@id":"https:\/\/smat-trade.com\/fr-stamina\/","url":"https:\/\/smat-trade.com\/fr-stamina\/","name":"S:TAMINA - Smattrade","isPartOf":{"@id":"https:\/\/smat-trade.com\/#website"},"primaryImageOfPage":{"@id":"https:\/\/smat-trade.com\/fr-stamina\/#primaryimage"},"image":{"@id":"https:\/\/smat-trade.com\/fr-stamina\/#primaryimage"},"thumbnailUrl":"https:\/\/smat-trade.com\/wp-content\/uploads\/2024\/11\/S-TAMINA__STAMINA_SM_TIGER_BLUEBACK.png","datePublished":"2024-11-05T15:54:25+00:00","dateModified":"2025-10-31T10:06:33+00:00","breadcrumb":{"@id":"https:\/\/smat-trade.com\/fr-stamina\/#breadcrumb"},"inLanguage":"cs","potentialAction":[{"@type":"ReadAction","target":["https:\/\/smat-trade.com\/fr-stamina\/"]}]},{"@type":"ImageObject","inLanguage":"cs","@id":"https:\/\/smat-trade.com\/fr-stamina\/#primaryimage","url":"https:\/\/smat-trade.com\/wp-content\/uploads\/2024\/11\/S-TAMINA__STAMINA_SM_TIGER_BLUEBACK.png","contentUrl":"https:\/\/smat-trade.com\/wp-content\/uploads\/2024\/11\/S-TAMINA__STAMINA_SM_TIGER_BLUEBACK.png","width":1126,"height":1126},{"@type":"BreadcrumbList","@id":"https:\/\/smat-trade.com\/fr-stamina\/#breadcrumb","itemListElement":[{"@type":"ListItem","position":1,"name":"Home","item":"https:\/\/smat-trade.com\/cs\/"},{"@type":"ListItem","position":2,"name":"S:TAMINA"}]},{"@type":"WebSite","@id":"https:\/\/smat-trade.com\/#website","url":"https:\/\/smat-trade.com\/","name":"Smattrade","description":"ETICS accessories specialist","potentialAction":[{"@type":"SearchAction","target":{"@type":"EntryPoint","urlTemplate":"https:\/\/smat-trade.com\/?s={search_term_string}"},"query-input":"required name=search_term_string"}],"inLanguage":"cs"}]}},"_links":{"self":[{"href":"https:\/\/smat-trade.com\/cs\/wp-json\/wp\/v2\/pages\/3012"}],"collection":[{"href":"https:\/\/smat-trade.com\/cs\/wp-json\/wp\/v2\/pages"}],"about":[{"href":"https:\/\/smat-trade.com\/cs\/wp-json\/wp\/v2\/types\/page"}],"author":[{"embeddable":true,"href":"https:\/\/smat-trade.com\/cs\/wp-json\/wp\/v2\/users\/1"}],"replies":[{"embeddable":true,"href":"https:\/\/smat-trade.com\/cs\/wp-json\/wp\/v2\/comments?post=3012"}],"version-history":[{"count":15,"href":"https:\/\/smat-trade.com\/cs\/wp-json\/wp\/v2\/pages\/3012\/revisions"}],"predecessor-version":[{"id":3503,"href":"https:\/\/smat-trade.com\/cs\/wp-json\/wp\/v2\/pages\/3012\/revisions\/3503"}],"wp:featuredmedia":[{"embeddable":true,"href":"https:\/\/smat-trade.com\/cs\/wp-json\/wp\/v2\/media\/3110"}],"wp:attachment":[{"href":"https:\/\/smat-trade.com\/cs\/wp-json\/wp\/v2\/media?parent=3012"}],"curies":[{"name":"wp","href":"https:\/\/api.w.org\/{rel}","templated":true}]}}