{"id":2508,"date":"2019-11-29T03:38:26","date_gmt":"2019-11-29T02:38:26","guid":{"rendered":"https:\/\/smat-trade.com\/o-strankach\/vedeni\/"},"modified":"2024-08-10T14:18:30","modified_gmt":"2024-08-10T12:18:30","slug":"vedeni","status":"publish","type":"page","link":"https:\/\/smat-trade.com\/cs\/o-strankach\/vedeni\/","title":{"rendered":"Veden\u00ed"},"content":{"rendered":"<section class=\"wpb-content-wrapper\"><p>[vc_section css=&#8220;.vc_custom_1581413361140{padding-top: 150px !important;background-color: #232323 !important;}&#8220;][vc_row content_placement=&#8220;bottom&#8220; css=&#8220;.vc_custom_1575014741811{margin-bottom: 35px !important;}&#8220;][vc_column width=&#8220;1\/2&#8243;][vc_custom_heading text=&#8220;Vedouc\u00ed pracovn\u00edci spole\u010dnosti Hank pat\u0159\u00ed k nejtvrd\u0161\u00edm vizion\u00e1\u0159\u016fm v oboru.&#8220; font_container=&#8220;tag:h2|font_size:40px|text_align:left|color:%23ffffff|line_height:44px&#8220; use_theme_fonts=&#8220;yes&#8220;][vc_empty_space height=&#8220;20px&#8220;][\/vc_column][vc_column width=&#8220;1\/12&#8243;][\/vc_column][vc_column width=&#8220;1\/3&#8243;][vc_column_text]<span style=\"color: #b7b7b7;\">Vedouc\u00ed t\u00fdm Hanka poskytuje vizi, kter\u00e1 n\u00e1s v pozoruhodn\u011b kr\u00e1tk\u00e9 dob\u011b posunula z mal\u00e9 stavebn\u00ed spole\u010dnosti na celosv\u011btov\u011b diverzifikovan\u00e9ho l\u00eddra.<\/span>[\/vc_column_text][vc_empty_space height=&#8220;25px&#8220;][\/vc_column][vc_column width=&#8220;1\/12&#8243;][\/vc_column][\/vc_row][vc_row][vc_column][vc_wp_custommenu nav_menu=&#8220;41&#8243; el_class=&#8220;columns-5&#8243;][vc_empty_space height=&#8220;30px&#8220;][\/vc_column][\/vc_row][\/vc_section][vc_section css=&#8220;.vc_custom_1581415953058{padding-top: 80px !important;background-position: 0 0 !important;background-repeat: no-repeat !important;}&#8220;][vc_row content_placement=&#8220;middle&#8220; css=&#8220;.vc_custom_1581415746653{margin-right: 5% !important;margin-bottom: 30px !important;margin-left: 5% !important;padding-top: 120px !important;padding-bottom: 120px !important;background-image: url(https:\/\/smat-trade.com\/wp-content\/uploads\/2020\/01\/bg-3.jpg?id=605) !important;background-position: center !important;background-repeat: no-repeat !important;background-size: cover !important;}&#8220;][vc_column width=&#8220;5\/12&#8243; offset=&#8220;vc_col-lg-6 vc_hidden-xs&#8220;][vc_empty_space height=&#8220;350&#8243;][\/vc_column][vc_column width=&#8220;7\/12&#8243; offset=&#8220;vc_col-lg-5 vc_col-md-6 vc_hidden-xs&#8220;]\n\t<div class=\"testimonial \">\n\t\t<div class=\"testimonial-content\">\n\t\t\t<blockquote>\n\t\t\t\t<p>Na\u0161\u00edm celkov\u00fdm c\u00edlem je poskytovat kvalitn\u00ed a n\u00e1kladov\u011b efektivn\u00ed projekty, kter\u00e9 zanechaj\u00ed u na\u0161ich klient\u016f pozitivn\u00ed zku\u0161enosti.<\/p>\n\t\t\t<\/blockquote>\n\t\t<\/div>\n\t\t<div class=\"testimonial-meta\">\n\t\t\t\t\t\t<div class=\"testimonial-author\">\n\t\t\t\t<strong class=\"author-name\">John Doe<\/strong>\n\t\t\t\t<div class=\"author-info\"><span class=\"subtitle\">GENER\u00c1LN\u00cd \u0158EDITEL<\/span> <span class=\"divider\">-<\/span> <span class=\"company\">Hank Construction<\/span><\/div>\n\t\t\t<\/div>\n\t\t<\/div>\n\t<\/div>\n[\/vc_column][vc_column width=&#8220;1\/12&#8243;][\/vc_column][\/vc_row][vc_row css=&#8220;.vc_custom_1578887573623{padding-top: 20px !important;}&#8220;][vc_column][vc_column_text]<\/p>\n<p style=\"text-align: center;\"><strong class=\"badge\">Lid\u00e9<\/strong> N\u00e1\u0161 projektov\u00fd t\u00fdm, kter\u00fd spojuje spole\u010dn\u00fd c\u00edl a v\u00e1\u0161e\u0148 pro lidi, nem\u00e1 konkurenci.<\/p>\n<p>[\/vc_column_text][vc_empty_space height=&#8220;45px&#8220;][vc_separator][\/vc_column][\/vc_row][\/vc_section][vc_section css=&#8220;.vc_custom_1581221259623{padding-top: 80px !important;}&#8220; el_id=&#8220;people&#8220;][vc_row][vc_column][vc_custom_heading text=&#8220;<strong>hank\u016fv t\u00fdm vedouc\u00edch pracovn\u00edk\u016f<\/strong>&#8220; font_container=&#8220;tag:h2|font_size:64px|text_align:center|line_height:64px&#8220; use_theme_fonts=&#8220;yes&#8220;][vc_empty_space height=&#8220;15px&#8220;][vc_custom_heading text=&#8220;seznamte se s v\u00fdkonn\u00fdm veden\u00edm spole\u010dnosti hank construction company.&#8220; font_container=&#8220;tag:p|font_size:21px|text_align:center|color:%237f7f7f|line_height:26px&#8220; use_theme_fonts=&#8220;yes&#8220;][vc_empty_space height=&#8220;70px&#8220;][\/vc_column][\/vc_row][vc_row gap=&#8220;10&#8243; equal_height=&#8220;yes&#8220;][vc_column width=&#8220;1\/2&#8243; offset=&#8220;vc_col-lg-2 vc_col-md-4 vc_col-xs-6&#8243; css=&#8220;.vc_custom_1581414953314{padding-bottom: 40px !important;}&#8220;]\n\t<div class=\"member  style2  has-image\">\n\t\t\n\t\t<div class=\"member-image\">\n\t\t\t<img decoding=\"async\" src=\"https:\/\/smat-trade.com\/wp-content\/uploads\/2020\/02\/p1.jpg\" alt=\"Larry Swank\" \/>\n\t\t<\/div>\n\t\n\t\t<div class=\"member-info\">\n\t\t\t<div class=\"member-meta\">\n\t\t\t<h3 class=\"member-name\">Larry Swank<\/h3><div class=\"member-subtitle\">Zakladatel, p\u0159edseda p\u0159edstavenstva a gener\u00e1ln\u00ed \u0159editel<\/div>\n\t\t\t\n\t\t\t<\/div>\n\t\t\t<div class=\"member-desc\"><p>Larry za\u010dal svou kari\u00e9ru u Hanka v roce 1988 jako tesa\u0159sk\u00fd dozorce ve Phoenixu.<\/p>\n<\/div>\n\t\t<\/div>\n\t<\/div>[\/vc_column][vc_column width=&#8220;1\/2&#8243; offset=&#8220;vc_col-lg-2 vc_col-md-4 vc_col-xs-6&#8243; css=&#8220;.vc_custom_1581414960282{padding-bottom: 40px !important;}&#8220;]\n\t<div class=\"member  style2  has-image\">\n\t\t\n\t\t<div class=\"member-image\">\n\t\t\t<img decoding=\"async\" src=\"https:\/\/smat-trade.com\/wp-content\/uploads\/2020\/02\/p2.jpg\" alt=\"Bob Voss\" \/>\n\t\t<\/div>\n\t\n\t\t<div class=\"member-info\">\n\t\t\t<div class=\"member-meta\">\n\t\t\t<h3 class=\"member-name\">Bob Voss<\/h3><div class=\"member-subtitle\">Finan\u010dn\u00ed \u0159editel<\/div>\n\t\t\t\n\t\t\t<\/div>\n\t\t\t<div class=\"member-desc\"><p>Do spole\u010dnosti Hank nastoupil v roce 2000 jako projektov\u00fd in\u017een\u00fdr a pro\u0161el \u0159adou kl\u00ed\u010dov\u00fdch operac\u00ed.<\/p>\n<\/div>\n\t\t<\/div>\n\t<\/div>[\/vc_column][vc_column width=&#8220;1\/2&#8243; offset=&#8220;vc_col-lg-2 vc_col-md-4 vc_col-xs-6&#8243; css=&#8220;.vc_custom_1581414967297{padding-bottom: 40px !important;}&#8220;]\n\t<div class=\"member  style2  has-image\">\n\t\t\n\t\t<div class=\"member-image\">\n\t\t\t<img decoding=\"async\" src=\"https:\/\/smat-trade.com\/wp-content\/uploads\/2020\/02\/p3.jpg\" alt=\"Steve Perry\" \/>\n\t\t<\/div>\n\t\n\t\t<div class=\"member-info\">\n\t\t\t<div class=\"member-meta\">\n\t\t\t<h3 class=\"member-name\">Steve Perry<\/h3><div class=\"member-subtitle\">Viceprezident pro lidsk\u00e9 zdroje<\/div>\n\t\t\t\n\t\t\t<\/div>\n\t\t\t<div class=\"member-desc\"><p>Steve je vedouc\u00edm obchodn\u00ed jednotky v Atlant\u011b pro ji\u017en\u00ed region spole\u010dnosti Hank.<\/p>\n<\/div>\n\t\t<\/div>\n\t<\/div>[\/vc_column][vc_column width=&#8220;1\/2&#8243; offset=&#8220;vc_col-lg-2 vc_col-md-4 vc_col-xs-6&#8243; css=&#8220;.vc_custom_1581414973860{padding-bottom: 40px !important;}&#8220;]\n\t<div class=\"member  style2  has-image\">\n\t\t\n\t\t<div class=\"member-image\">\n\t\t\t<img decoding=\"async\" src=\"https:\/\/smat-trade.com\/wp-content\/uploads\/2020\/02\/P4.jpg\" alt=\"Amy Jr.\" \/>\n\t\t<\/div>\n\t\n\t\t<div class=\"member-info\">\n\t\t\t<div class=\"member-meta\">\n\t\t\t<h3 class=\"member-name\">Amy Jr.<\/h3><div class=\"member-subtitle\">\u0158editel pro rozvoj obchodu<\/div>\n\t\t\t\n\t\t\t<\/div>\n\t\t\t<div class=\"member-desc\"><p>Amy se pod\u00edl\u00ed p\u0159edev\u0161\u00edm na p\u0159\u00edpravn\u00e9 f\u00e1zi projekt\u016f Hank.<\/p>\n<\/div>\n\t\t<\/div>\n\t<\/div>[\/vc_column][vc_column width=&#8220;1\/2&#8243; offset=&#8220;vc_col-lg-2 vc_col-md-4 vc_col-xs-6&#8243; css=&#8220;.vc_custom_1581414980193{padding-bottom: 40px !important;}&#8220;]\n\t<div class=\"member  style2  has-image\">\n\t\t\n\t\t<div class=\"member-image\">\n\t\t\t<img decoding=\"async\" src=\"https:\/\/smat-trade.com\/wp-content\/uploads\/2020\/02\/p5.jpg\" alt=\"Dave Jeffrey\" \/>\n\t\t<\/div>\n\t\n\t\t<div class=\"member-info\">\n\t\t\t<div class=\"member-meta\">\n\t\t\t<h3 class=\"member-name\">Dave Jeffrey<\/h3><div class=\"member-subtitle\">Viceprezident pro provoz<\/div>\n\t\t\t\n\t\t\t<\/div>\n\t\t\t<div class=\"member-desc\"><p>Dave Jeffrey, kter\u00fd m\u00e1 t\u00e9m\u011b\u0159 25 let zku\u0161enost\u00ed ve stavebnictv\u00ed, nastoupil k Hankovi v roce 1994.<\/p>\n<\/div>\n\t\t<\/div>\n\t<\/div>[\/vc_column][vc_column width=&#8220;1\/2&#8243; offset=&#8220;vc_col-lg-2 vc_col-md-4 vc_col-xs-6&#8243; css=&#8220;.vc_custom_1581414986539{padding-bottom: 40px !important;}&#8220;]\n\t<div class=\"member  style2  has-image\">\n\t\t\n\t\t<div class=\"member-image\">\n\t\t\t<img decoding=\"async\" src=\"https:\/\/smat-trade.com\/wp-content\/uploads\/2020\/02\/p6.jpg\" alt=\"Karen Lewis\" \/>\n\t\t<\/div>\n\t\n\t\t<div class=\"member-info\">\n\t\t\t<div class=\"member-meta\">\n\t\t\t<h3 class=\"member-name\">Karen Lewis<\/h3><div class=\"member-subtitle\">Vedouc\u00ed projektu<\/div>\n\t\t\t\n\t\t\t<\/div>\n\t\t\t<div class=\"member-desc\"><p>Karen je v\u00fdkonnou viceprezidentkou a vedouc\u00ed projektu ve spole\u010dnosti Hank Construction Company.<\/p>\n<\/div>\n\t\t<\/div>\n\t<\/div>[\/vc_column][\/vc_row][vc_row gap=&#8220;10&#8243; equal_height=&#8220;yes&#8220;][vc_column width=&#8220;1\/2&#8243; offset=&#8220;vc_col-lg-2 vc_col-md-4 vc_col-xs-6&#8243; css=&#8220;.vc_custom_1581414992947{padding-bottom: 40px !important;}&#8220;]\n\t<div class=\"member  style2  has-image\">\n\t\t\n\t\t<div class=\"member-image\">\n\t\t\t<img decoding=\"async\" src=\"https:\/\/smat-trade.com\/wp-content\/uploads\/2020\/02\/P7.jpg\" alt=\"Maria Jr.\" \/>\n\t\t<\/div>\n\t\n\t\t<div class=\"member-info\">\n\t\t\t<div class=\"member-meta\">\n\t\t\t<h3 class=\"member-name\">Maria Jr.<\/h3><div class=\"member-subtitle\">\u0158editel<\/div>\n\t\t\t\n\t\t\t<\/div>\n\t\t\t<div class=\"member-desc\"><p>Maria je \u0159editelkou pro rozvoj podnik\u00e1n\u00ed v regionu ji\u017en\u00ed Kalifornie spole\u010dnosti Hank se s\u00eddlem v San Diegu.<\/p>\n<\/div>\n\t\t<\/div>\n\t<\/div>[\/vc_column][vc_column width=&#8220;1\/2&#8243; offset=&#8220;vc_col-lg-2 vc_col-md-4 vc_col-xs-6&#8243; css=&#8220;.vc_custom_1581414999267{padding-bottom: 40px !important;}&#8220;]\n\t<div class=\"member  style2  has-image\">\n\t\t\n\t\t<div class=\"member-image\">\n\t\t\t<img decoding=\"async\" src=\"https:\/\/smat-trade.com\/wp-content\/uploads\/2020\/02\/p11.jpg\" alt=\"Tom Reilly\" \/>\n\t\t<\/div>\n\t\n\t\t<div class=\"member-info\">\n\t\t\t<div class=\"member-meta\">\n\t\t\t<h3 class=\"member-name\">Tom Reilly<\/h3><div class=\"member-subtitle\">V\u00fdkonn\u00fd viceprezident<\/div>\n\t\t\t\n\t\t\t<\/div>\n\t\t\t<div class=\"member-desc\"><p>Tom nastoupil k Hankovi v roce 1987 jako ter\u00e9nn\u00ed in\u017een\u00fdr v pobo\u010dce v New Jersey.<\/p>\n<\/div>\n\t\t<\/div>\n\t<\/div>[\/vc_column][vc_column width=&#8220;1\/2&#8243; offset=&#8220;vc_col-lg-2 vc_col-md-4 vc_col-xs-6&#8243; css=&#8220;.vc_custom_1581415005480{padding-bottom: 40px !important;}&#8220;]\n\t<div class=\"member  style2  has-image\">\n\t\t\n\t\t<div class=\"member-image\">\n\t\t\t<img decoding=\"async\" src=\"https:\/\/smat-trade.com\/wp-content\/uploads\/2020\/02\/p9.jpg\" alt=\"Billy Mark\" \/>\n\t\t<\/div>\n\t\n\t\t<div class=\"member-info\">\n\t\t\t<div class=\"member-meta\">\n\t\t\t<h3 class=\"member-name\">Billy Mark<\/h3><div class=\"member-subtitle\">Vrchn\u00ed viceprezident<\/div>\n\t\t\t\n\t\t\t<\/div>\n\t\t\t<div class=\"member-desc\"><p>Billy je senior viceprezidentem a \u0159editelem n\u00e1kupu ve spole\u010dnosti Hank Construction Company.<\/p>\n<\/div>\n\t\t<\/div>\n\t<\/div>[\/vc_column][vc_column width=&#8220;1\/2&#8243; offset=&#8220;vc_col-lg-2 vc_col-md-4 vc_col-xs-6&#8243; css=&#8220;.vc_custom_1581415011872{padding-bottom: 40px !important;}&#8220;]\n\t<div class=\"member  style2  has-image\">\n\t\t\n\t\t<div class=\"member-image\">\n\t\t\t<img decoding=\"async\" src=\"https:\/\/smat-trade.com\/wp-content\/uploads\/2020\/02\/p8.jpg\" alt=\"Suzy Page\" \/>\n\t\t<\/div>\n\t\n\t\t<div class=\"member-info\">\n\t\t\t<div class=\"member-meta\">\n\t\t\t<h3 class=\"member-name\">Suzy Page<\/h3><div class=\"member-subtitle\">\u0158\u00edzen\u00ed projekt\u016f<\/div>\n\t\t\t\n\t\t\t<\/div>\n\t\t\t<div class=\"member-desc\"><p>Suzy p\u016fsob\u00ed ve spole\u010dnosti Hank od roku 2007 na kl\u00ed\u010dov\u00fdch pozic\u00edch v oblasti \u0159\u00edzen\u00ed projekt\u016f, kvality a rozvoje podnik\u00e1n\u00ed.<\/p>\n<\/div>\n\t\t<\/div>\n\t<\/div>[\/vc_column][vc_column width=&#8220;1\/2&#8243; offset=&#8220;vc_col-lg-2 vc_col-md-4 vc_col-xs-6&#8243; css=&#8220;.vc_custom_1581415018270{padding-bottom: 40px !important;}&#8220;]\n\t<div class=\"member  style2  has-image\">\n\t\t\n\t\t<div class=\"member-image\">\n\t\t\t<img decoding=\"async\" src=\"https:\/\/smat-trade.com\/wp-content\/uploads\/2020\/02\/p12.jpg\" alt=\"Ron Lewis\" \/>\n\t\t<\/div>\n\t\n\t\t<div class=\"member-info\">\n\t\t\t<div class=\"member-meta\">\n\t\t\t<h3 class=\"member-name\">Ron Lewis<\/h3><div class=\"member-subtitle\">Vedouc\u00ed projektu<\/div>\n\t\t\t\n\t\t\t<\/div>\n\t\t\t<div class=\"member-desc\"><p>Ron je v\u00e1\u0161niv\u00fdm genealogem, jeho\u017e rodokmen sah\u00e1 a\u017e do dob americk\u00e9 revoluce.<\/p>\n<\/div>\n\t\t<\/div>\n\t<\/div>[\/vc_column][vc_column width=&#8220;1\/2&#8243; offset=&#8220;vc_col-lg-2 vc_col-md-4 vc_col-xs-6&#8243; css=&#8220;.vc_custom_1581415024341{padding-bottom: 40px !important;}&#8220;]\n\t<div class=\"member  style2  has-image\">\n\t\t\n\t\t<div class=\"member-image\">\n\t\t\t<img decoding=\"async\" src=\"https:\/\/smat-trade.com\/wp-content\/uploads\/2020\/02\/P10.jpg\" alt=\"Stephan W.Lars\" \/>\n\t\t<\/div>\n\t\n\t\t<div class=\"member-info\">\n\t\t\t<div class=\"member-meta\">\n\t\t\t<h3 class=\"member-name\">Stephan W.Lars<\/h3><div class=\"member-subtitle\">\u0158editel pro strategii<\/div>\n\t\t\t\n\t\t\t<\/div>\n\t\t\t<div class=\"member-desc\"><p>Stephan je senior viceprezident a \u0159editel pro strategii ve spole\u010dnosti Hank Construction Company.<\/p>\n<\/div>\n\t\t<\/div>\n\t<\/div>[\/vc_column][\/vc_row][vc_row][vc_column][vc_empty_space height=&#8220;20px&#8220;][vc_column_text]<\/p>\n<p style=\"text-align: center;\"><span class=\"badge style2\">Naj\u00edm\u00e1n\u00ed zam\u011bstnanc\u016f<\/span> &#8211; Hled\u00e1me talentovan\u00e9 a motivovan\u00e9 lidi, kte\u0159\u00ed by s n\u00e1mi cht\u011bli pracovat. <a class=\"link\" style=\"color: #7f7f7f;\" href=\"https:\/\/smat-trade.com\/about\/careers\/\">Voln\u00e9 pozice<\/a><\/p>\n<p>[\/vc_column_text][\/vc_column][\/vc_row][\/vc_section]<\/p>\n<\/section>","protected":false},"excerpt":{"rendered":"<p>[vc_section css=&#8220;.vc_custom_1581413361140{padding-top: 150px !important;background-color: #232323 !important;}&#8220;][vc_row content_placement=&#8220;bottom&#8220; css=&#8220;.vc_custom_1575014741811{margin-bottom: 35px !important;}&#8220;][vc_column width=&#8220;1\/2&#8243;][vc_custom_heading text=&#8220;Vedouc\u00ed pracovn\u00edci spole\u010dnosti Hank pat\u0159\u00ed k nejtvrd\u0161\u00edm vizion\u00e1\u0159\u016fm v oboru.&#8220; font_container=&#8220;tag:h2|font_size:40px|text_align:left|color:%23ffffff|line_height:44px&#8220; use_theme_fonts=&#8220;yes&#8220;][vc_empty_space height=&#8220;20px&#8220;][\/vc_column][vc_column width=&#8220;1\/12&#8243;][\/vc_column][vc_column width=&#8220;1\/3&#8243;][vc_column_text]Vedouc\u00ed t\u00fdm Hanka poskytuje vizi, kter\u00e1 n\u00e1s v pozoruhodn\u011b kr\u00e1tk\u00e9 dob\u011b posunula z mal\u00e9 stavebn\u00ed spole\u010dnosti na celosv\u011btov\u011b diverzifikovan\u00e9ho l\u00eddra.[\/vc_column_text][vc_empty_space height=&#8220;25px&#8220;][\/vc_column][vc_column width=&#8220;1\/12&#8243;][\/vc_column][\/vc_row][vc_row][vc_column][vc_wp_custommenu nav_menu=&#8220;41&#8243; el_class=&#8220;columns-5&#8243;][vc_empty_space height=&#8220;30px&#8220;][\/vc_column][\/vc_row][\/vc_section][vc_section css=&#8220;.vc_custom_1581415953058{padding-top: 80px !important;background-position: 0 0 [&hellip;]<\/p>\n","protected":false},"author":1,"featured_media":0,"parent":2466,"menu_order":0,"comment_status":"closed","ping_status":"closed","template":"tmpl\/template-fullwidth.php","meta":{"inline_featured_image":false,"footnotes":""},"class_list":["post-2508","page","type-page","status-publish","hentry"],"acf":[],"yoast_head":"<!-- This site is optimized with the Yoast SEO plugin v22.2 - https:\/\/yoast.com\/wordpress\/plugins\/seo\/ -->\n<title>Veden\u00ed - Smattrade<\/title>\n<meta name=\"robots\" content=\"index, follow, max-snippet:-1, max-image-preview:large, max-video-preview:-1\" \/>\n<link rel=\"canonical\" href=\"https:\/\/smat-trade.com\/cs\/o-strankach\/vedeni\/\" \/>\n<meta property=\"og:locale\" content=\"cs_CZ\" \/>\n<meta property=\"og:type\" content=\"article\" \/>\n<meta property=\"og:title\" content=\"Veden\u00ed - Smattrade\" \/>\n<meta property=\"og:description\" content=\"[vc_section css=&#8220;.vc_custom_1581413361140{padding-top: 150px !important;background-color: #232323 !important;}&#8220;][vc_row content_placement=&#8220;bottom&#8220; css=&#8220;.vc_custom_1575014741811{margin-bottom: 35px !important;}&#8220;][vc_column width=&#8220;1\/2&#8243;][vc_custom_heading text=&#8220;Vedouc\u00ed pracovn\u00edci spole\u010dnosti Hank pat\u0159\u00ed k nejtvrd\u0161\u00edm vizion\u00e1\u0159\u016fm v oboru.&#8220; font_container=&#8220;tag:h2|font_size:40px|text_align:left|color:%23ffffff|line_height:44px&#8220; use_theme_fonts=&#8220;yes&#8220;][vc_empty_space height=&#8220;20px&#8220;][\/vc_column][vc_column width=&#8220;1\/12&#8243;][\/vc_column][vc_column width=&#8220;1\/3&#8243;][vc_column_text]Vedouc\u00ed t\u00fdm Hanka poskytuje vizi, kter\u00e1 n\u00e1s v pozoruhodn\u011b kr\u00e1tk\u00e9 dob\u011b posunula z mal\u00e9 stavebn\u00ed spole\u010dnosti na celosv\u011btov\u011b diverzifikovan\u00e9ho l\u00eddra.[\/vc_column_text][vc_empty_space height=&#8220;25px&#8220;][\/vc_column][vc_column width=&#8220;1\/12&#8243;][\/vc_column][\/vc_row][vc_row][vc_column][vc_wp_custommenu nav_menu=&#8220;41&#8243; el_class=&#8220;columns-5&#8243;][vc_empty_space height=&#8220;30px&#8220;][\/vc_column][\/vc_row][\/vc_section][vc_section css=&#8220;.vc_custom_1581415953058{padding-top: 80px !important;background-position: 0 0 [&hellip;]\" \/>\n<meta property=\"og:url\" content=\"https:\/\/smat-trade.com\/cs\/o-strankach\/vedeni\/\" \/>\n<meta property=\"og:site_name\" content=\"Smattrade\" \/>\n<meta property=\"article:modified_time\" content=\"2024-08-10T12:18:30+00:00\" \/>\n<meta name=\"twitter:card\" content=\"summary_large_image\" \/>\n<meta name=\"twitter:label1\" content=\"Odhadovan\u00e1 doba \u010dten\u00ed\" \/>\n\t<meta name=\"twitter:data1\" content=\"5 minut\" \/>\n<script type=\"application\/ld+json\" class=\"yoast-schema-graph\">{\"@context\":\"https:\/\/schema.org\",\"@graph\":[{\"@type\":\"WebPage\",\"@id\":\"https:\/\/smat-trade.com\/cs\/o-strankach\/vedeni\/\",\"url\":\"https:\/\/smat-trade.com\/cs\/o-strankach\/vedeni\/\",\"name\":\"Veden\u00ed - Smattrade\",\"isPartOf\":{\"@id\":\"https:\/\/smat-trade.com\/#website\"},\"datePublished\":\"2019-11-29T02:38:26+00:00\",\"dateModified\":\"2024-08-10T12:18:30+00:00\",\"breadcrumb\":{\"@id\":\"https:\/\/smat-trade.com\/cs\/o-strankach\/vedeni\/#breadcrumb\"},\"inLanguage\":\"cs\",\"potentialAction\":[{\"@type\":\"ReadAction\",\"target\":[\"https:\/\/smat-trade.com\/cs\/o-strankach\/vedeni\/\"]}]},{\"@type\":\"BreadcrumbList\",\"@id\":\"https:\/\/smat-trade.com\/cs\/o-strankach\/vedeni\/#breadcrumb\",\"itemListElement\":[{\"@type\":\"ListItem\",\"position\":1,\"name\":\"Home\",\"item\":\"https:\/\/smat-trade.com\/cs\/\"},{\"@type\":\"ListItem\",\"position\":2,\"name\":\"O str\u00e1nk\u00e1ch\",\"item\":\"https:\/\/smat-trade.com\/cs\/o-strankach\/\"},{\"@type\":\"ListItem\",\"position\":3,\"name\":\"Veden\u00ed\"}]},{\"@type\":\"WebSite\",\"@id\":\"https:\/\/smat-trade.com\/#website\",\"url\":\"https:\/\/smat-trade.com\/\",\"name\":\"Smattrade\",\"description\":\"ETICS accessories specialist\",\"potentialAction\":[{\"@type\":\"SearchAction\",\"target\":{\"@type\":\"EntryPoint\",\"urlTemplate\":\"https:\/\/smat-trade.com\/?s={search_term_string}\"},\"query-input\":\"required name=search_term_string\"}],\"inLanguage\":\"cs\"}]}<\/script>\n<!-- \/ Yoast SEO plugin. -->","yoast_head_json":{"title":"Veden\u00ed - Smattrade","robots":{"index":"index","follow":"follow","max-snippet":"max-snippet:-1","max-image-preview":"max-image-preview:large","max-video-preview":"max-video-preview:-1"},"canonical":"https:\/\/smat-trade.com\/cs\/o-strankach\/vedeni\/","og_locale":"cs_CZ","og_type":"article","og_title":"Veden\u00ed - Smattrade","og_description":"[vc_section css=&#8220;.vc_custom_1581413361140{padding-top: 150px !important;background-color: #232323 !important;}&#8220;][vc_row content_placement=&#8220;bottom&#8220; css=&#8220;.vc_custom_1575014741811{margin-bottom: 35px !important;}&#8220;][vc_column width=&#8220;1\/2&#8243;][vc_custom_heading text=&#8220;Vedouc\u00ed pracovn\u00edci spole\u010dnosti Hank pat\u0159\u00ed k nejtvrd\u0161\u00edm vizion\u00e1\u0159\u016fm v oboru.&#8220; font_container=&#8220;tag:h2|font_size:40px|text_align:left|color:%23ffffff|line_height:44px&#8220; use_theme_fonts=&#8220;yes&#8220;][vc_empty_space height=&#8220;20px&#8220;][\/vc_column][vc_column width=&#8220;1\/12&#8243;][\/vc_column][vc_column width=&#8220;1\/3&#8243;][vc_column_text]Vedouc\u00ed t\u00fdm Hanka poskytuje vizi, kter\u00e1 n\u00e1s v pozoruhodn\u011b kr\u00e1tk\u00e9 dob\u011b posunula z mal\u00e9 stavebn\u00ed spole\u010dnosti na celosv\u011btov\u011b diverzifikovan\u00e9ho l\u00eddra.[\/vc_column_text][vc_empty_space height=&#8220;25px&#8220;][\/vc_column][vc_column width=&#8220;1\/12&#8243;][\/vc_column][\/vc_row][vc_row][vc_column][vc_wp_custommenu nav_menu=&#8220;41&#8243; el_class=&#8220;columns-5&#8243;][vc_empty_space height=&#8220;30px&#8220;][\/vc_column][\/vc_row][\/vc_section][vc_section css=&#8220;.vc_custom_1581415953058{padding-top: 80px !important;background-position: 0 0 [&hellip;]","og_url":"https:\/\/smat-trade.com\/cs\/o-strankach\/vedeni\/","og_site_name":"Smattrade","article_modified_time":"2024-08-10T12:18:30+00:00","twitter_card":"summary_large_image","twitter_misc":{"Odhadovan\u00e1 doba \u010dten\u00ed":"5 minut"},"schema":{"@context":"https:\/\/schema.org","@graph":[{"@type":"WebPage","@id":"https:\/\/smat-trade.com\/cs\/o-strankach\/vedeni\/","url":"https:\/\/smat-trade.com\/cs\/o-strankach\/vedeni\/","name":"Veden\u00ed - Smattrade","isPartOf":{"@id":"https:\/\/smat-trade.com\/#website"},"datePublished":"2019-11-29T02:38:26+00:00","dateModified":"2024-08-10T12:18:30+00:00","breadcrumb":{"@id":"https:\/\/smat-trade.com\/cs\/o-strankach\/vedeni\/#breadcrumb"},"inLanguage":"cs","potentialAction":[{"@type":"ReadAction","target":["https:\/\/smat-trade.com\/cs\/o-strankach\/vedeni\/"]}]},{"@type":"BreadcrumbList","@id":"https:\/\/smat-trade.com\/cs\/o-strankach\/vedeni\/#breadcrumb","itemListElement":[{"@type":"ListItem","position":1,"name":"Home","item":"https:\/\/smat-trade.com\/cs\/"},{"@type":"ListItem","position":2,"name":"O str\u00e1nk\u00e1ch","item":"https:\/\/smat-trade.com\/cs\/o-strankach\/"},{"@type":"ListItem","position":3,"name":"Veden\u00ed"}]},{"@type":"WebSite","@id":"https:\/\/smat-trade.com\/#website","url":"https:\/\/smat-trade.com\/","name":"Smattrade","description":"ETICS accessories specialist","potentialAction":[{"@type":"SearchAction","target":{"@type":"EntryPoint","urlTemplate":"https:\/\/smat-trade.com\/?s={search_term_string}"},"query-input":"required name=search_term_string"}],"inLanguage":"cs"}]}},"_links":{"self":[{"href":"https:\/\/smat-trade.com\/cs\/wp-json\/wp\/v2\/pages\/2508"}],"collection":[{"href":"https:\/\/smat-trade.com\/cs\/wp-json\/wp\/v2\/pages"}],"about":[{"href":"https:\/\/smat-trade.com\/cs\/wp-json\/wp\/v2\/types\/page"}],"author":[{"embeddable":true,"href":"https:\/\/smat-trade.com\/cs\/wp-json\/wp\/v2\/users\/1"}],"replies":[{"embeddable":true,"href":"https:\/\/smat-trade.com\/cs\/wp-json\/wp\/v2\/comments?post=2508"}],"version-history":[{"count":2,"href":"https:\/\/smat-trade.com\/cs\/wp-json\/wp\/v2\/pages\/2508\/revisions"}],"predecessor-version":[{"id":2510,"href":"https:\/\/smat-trade.com\/cs\/wp-json\/wp\/v2\/pages\/2508\/revisions\/2510"}],"up":[{"embeddable":true,"href":"https:\/\/smat-trade.com\/cs\/wp-json\/wp\/v2\/pages\/2466"}],"wp:attachment":[{"href":"https:\/\/smat-trade.com\/cs\/wp-json\/wp\/v2\/media?parent=2508"}],"curies":[{"name":"wp","href":"https:\/\/api.w.org\/{rel}","templated":true}]}}