{"id":2502,"date":"2019-12-16T02:22:00","date_gmt":"2019-12-16T01:22:00","guid":{"rendered":"https:\/\/smat-trade.com\/o-strankach\/zakladni-hodnoty\/"},"modified":"2026-03-10T16:05:35","modified_gmt":"2026-03-10T15:05:35","slug":"zakladni-hodnoty","status":"publish","type":"page","link":"https:\/\/smat-trade.com\/cs\/o-strankach\/zakladni-hodnoty\/","title":{"rendered":"Z\u00e1kladn\u00ed hodnoty"},"content":{"rendered":"<section class=\"wpb-content-wrapper\"><p>[vc_section css=&#8220;.vc_custom_1705409743365{padding-top: 150px !important;background-color: #1a204a !important;}&#8220;][vc_row content_placement=&#8220;bottom&#8220; css=&#8220;.vc_custom_1575014741811{margin-bottom: 35px !important;}&#8220;][vc_column width=&#8220;1\/2&#8243;][vc_custom_heading text=&#8220;Vytv\u00e1\u0159\u00edme v\u011bci, kter\u00e9 funguj\u00ed a vydr\u017e\u00ed.&#8220; font_container=&#8220;tag:div|font_size:40px|text_align:left|color:%23ffffff|line_height:44px&#8220; use_theme_fonts=&#8220;yes&#8220;][\/vc_column][vc_column width=&#8220;1\/12&#8243;][\/vc_column][vc_column width=&#8220;1\/3&#8243;][vc_column_text][\/vc_column_text][vc_empty_space height=&#8220;25px&#8220;][\/vc_column][vc_column width=&#8220;1\/12&#8243;][\/vc_column][\/vc_row][vc_row][vc_column][vc_wp_custommenu nav_menu=&#8220;41&#8243; el_class=&#8220;columns-5&#8243;][vc_empty_space height=&#8220;30px&#8220;][\/vc_column][\/vc_row][\/vc_section][vc_section css=&#8220;.vc_custom_1576828842517{padding-top: 60px !important;padding-bottom: 20px !important;}&#8220;][vc_row][vc_column][vc_custom_heading text=&#8220;<strong>n\u00e1\u0161 hlavn\u00ed c\u00edl<\/strong>&#8220; font_container=&#8220;tag:h2|font_size:64px|text_align:center|line_height:64px&#8220; use_theme_fonts=&#8220;yes&#8220;][vc_empty_space height=&#8220;15px&#8220;][vc_custom_heading text=&#8220;Pom\u00e1h\u00e1me m\u011bnit \u017eivoty na\u0161ich z\u00e1kazn\u00edk\u016f.&#8220; font_container=&#8220;tag:p|font_size:21px|text_align:center|line_height:26px&#8220; use_theme_fonts=&#8220;yes&#8220;][vc_empty_space height=&#8220;70px&#8220;][\/vc_column][\/vc_row][vc_row][vc_column]<ul class=\"iconlist iconlist iconlist-icon-large columns-3\"><li ><div class=\"iconlist-item-icon\"><i class=\"hank-privacy-policy\"><\/i><\/div><div class=\"iconlist-item-content\">\n<h3>Partnerstv\u00ed.<\/h3>\n<p><span style=\"color: #7f7f7f\">Va\u0161e v\u00fdhry jsou i na\u0161imi v\u00fdhrami.<br data-start=\"636\" data-end=\"639\" \/>Pln\u00e1 spolupr\u00e1ce je z\u00e1kladem \u00fasp\u011bchu.<br data-start=\"679\" data-end=\"682\" \/>D\u00edky p\u0159esn\u00e9 a konstruktivn\u00ed zp\u011btn\u00e9 vazb\u011b pom\u00e1h\u00e1me partner\u016fm dosahovat jejich c\u00edl\u016f \u2013 a spole\u010dn\u011b slav\u00edme \u00fasp\u011bch.<\/span><\/div><\/li><li ><div class=\"iconlist-item-icon\"><i class=\"hank-b-meeting\"><\/i><\/div><div class=\"iconlist-item-content\">\n<h3>Lid\u00e9.<\/h3>\n<p><span style=\"color: #7f7f7f\">Obchod v\u017edy za\u010d\u00edn\u00e1 lidmi \u2013 intern\u011b i extern\u011b.<br data-start=\"625\" data-end=\"628\" \/>I v digit\u00e1ln\u00ed dob\u011b je pro n\u00e1s osobn\u00ed setk\u00e1n\u00ed s partnery kl\u00ed\u010dov\u00e9.<br data-start=\"696\" data-end=\"699\" \/>Vz\u00e1jemn\u00e9 porozum\u011bn\u00ed a respekt tvo\u0159\u00ed z\u00e1klad ka\u017ed\u00e9ho \u00fasp\u011b\u0161n\u00e9ho partnerstv\u00ed.<\/span><\/div><\/li><li ><div class=\"iconlist-item-icon\"><i class=\"hank-books\"><\/i><\/div><div class=\"iconlist-item-content\">\n<h3>Kontrola.<\/h3>\n<p><span style=\"color: #7f7f7f\">Pokrok je mo\u017en\u00fd jen tehdy, kdy\u017e se p\u0159izp\u016fsobujeme ka\u017ed\u00e9mu trhu. Zp\u011btn\u00e1 vazba od na\u0161ich partner\u016f n\u00e1m umo\u017e\u0148uje v\u011bci neust\u00e1le zlep\u0161ovat. Ka\u017ed\u00e1 konstruktivn\u00ed kritika je p\u0159\u00edle\u017eitost\u00ed k r\u016fstu.<\/span><\/div><\/li><li ><div class=\"iconlist-item-icon\"><i class=\"fa fa-cube\"><\/i><\/div><div class=\"iconlist-item-content\"><\/div><\/li><\/ul>[\/vc_column][\/vc_row][\/vc_section][vc_section css=&#8220;.vc_custom_1581396882857{background-position: 0 0 !important;background-repeat: no-repeat !important;}&#8220;][vc_row content_placement=&#8220;middle&#8220; css=&#8220;.vc_custom_1705831489161{margin-right: 5% !important;margin-bottom: 30px !important;margin-left: 5% !important;padding-top: 120px !important;padding-bottom: 120px !important;background-image: url(https:\/\/smat-trade.com\/wp-content\/uploads\/2024\/01\/Facade_volets_color.jpg?id=1227) !important;background-position: center !important;background-repeat: no-repeat !important;background-size: cover !important;}&#8220;][vc_column width=&#8220;5\/12&#8243; offset=&#8220;vc_col-lg-6 vc_hidden-xs&#8220;][vc_empty_space height=&#8220;350&#8243;][\/vc_column][vc_column width=&#8220;7\/12&#8243; offset=&#8220;vc_col-lg-5 vc_col-md-6 vc_hidden-xs&#8220;]\n\t<div class=\"testimonial \">\n\t\t<div class=\"testimonial-content\">\n\t\t\t<blockquote>\n\t\t\t\t<p>K vybudov\u00e1n\u00ed dobr\u00e9ho vztahu v podnik\u00e1n\u00ed je zapot\u0159eb\u00ed \u010das, komunikace a up\u0159\u00edmnost.<\/p>\n\t\t\t<\/blockquote>\n\t\t<\/div>\n\t\t<div class=\"testimonial-meta\">\n\t\t\t\t\t\t<div class=\"testimonial-author\">\n\t\t\t\t<strong class=\"author-name\">Anonymn\u00ed<\/strong>\n\t\t\t\t<div class=\"author-info\"><\/div>\n\t\t\t<\/div>\n\t\t<\/div>\n\t<\/div>\n[\/vc_column][vc_column width=&#8220;1\/12&#8243;][\/vc_column][\/vc_row][vc_row css=&#8220;.vc_custom_1578887573623{padding-top: 20px !important;}&#8220;][vc_column][vc_column_text]<\/p>\n<p style=\"text-align: center;\"><strong class=\"badge\">Lid\u00e9<\/strong> Z\u00e1kladem na\u0161eho projektu jsou na\u0161e spole\u010dn\u00e9 vztahy.<\/p>\n<p>[\/vc_column_text][vc_empty_space height=&#8220;45px&#8220;][\/vc_column][\/vc_row][\/vc_section][vc_section css=&#8220;.vc_custom_1581397513865{padding-top: 80px !important;}&#8220; el_class=&#8220;bg-accent&#8220;][vc_row][vc_column][vc_custom_heading text=&#8220;<strong>na\u0161e z\u00e1kladn\u00ed hodnoty<\/strong>&#8220; font_container=&#8220;tag:h2|font_size:64px|text_align:center|color:%23ffffff|line_height:64px&#8220; use_theme_fonts=&#8220;yes&#8220;][vc_empty_space height=&#8220;15px&#8220;][vc_custom_heading text=&#8220;Na\u0161e z\u00e1kladn\u00ed hodnoty jsou z\u00e1kladem, na kter\u00e9m spole\u010dnost S-Mat Trade ka\u017ed\u00fd den stav\u00ed.&#8220; font_container=&#8220;tag:p|font_size:21px|text_align:center|color:%23b7b7b7|line_height:26px&#8220; use_theme_fonts=&#8220;yes&#8220;][vc_empty_space height=&#8220;70px&#8220;][\/vc_column][\/vc_row][vc_row][vc_column]<ul class=\"iconlist iconlist iconlist-icon-small columns-3\"><li ><div class=\"iconlist-item-icon\"><i class=\"hank-d-check\"><\/i><\/div><div class=\"iconlist-item-content\">\n<h3>t\u00fdmov\u00e1 pr\u00e1ce.<\/h3>\n<p><span style=\"color: #999\">Lid\u00e9 jsou na\u0161\u00edm nejcenn\u011bj\u0161\u00edm p\u0159\u00ednosem.<br data-start=\"537\" data-end=\"540\" \/>Spolu s klienty tvo\u0159\u00edme jeden t\u00fdm, zalo\u017een\u00fd na d\u016fv\u011b\u0159e a respektu.<br data-start=\"609\" data-end=\"612\" \/>Vz\u00e1jemn\u00fd respekt je kl\u00ed\u010dem k na\u0161emu spole\u010dn\u00e9mu \u00fasp\u011bchu.<\/span><\/div><\/li><li ><div class=\"iconlist-item-icon\"><i class=\"hank-d-check\"><\/i><\/div><div class=\"iconlist-item-content\">\n<h3>integritu.<\/h3>\n<p><span style=\"color: #999\">Kdy\u017e se zav\u00e1\u017eeme nebo dohodneme, v\u017edy sv\u016fj slib dodr\u017e\u00edme.<br data-start=\"313\" data-end=\"316\" \/>Pokud n\u011bco nefunguje, jasn\u011b to komunikujeme.<br data-start=\"364\" data-end=\"367\" \/>A kdy\u017e to funguje, m\u016f\u017eete si b\u00fdt jisti v\u00fdsledkem.<\/span><\/div><\/li><li ><div class=\"iconlist-item-icon\"><i class=\"hank-d-check\"><\/i><\/div><div class=\"iconlist-item-content\">\n<h3>kvalita.<\/h3>\n<p><span style=\"color: #999\">V\u017edy usilujeme o nejvy\u0161\u0161\u00ed kvalitu stavebn\u00edch materi\u00e1l\u016f.<br data-start=\"478\" data-end=\"481\" \/>Pe\u010dliv\u00fd v\u00fdb\u011br t\u011bch nejlep\u0161\u00edch \u0159e\u0161en\u00ed je pro n\u00e1s samoz\u0159ejmost\u00ed.<\/span><\/div><\/li><li ><div class=\"iconlist-item-icon\"><i class=\"hank-d-check\"><\/i><\/div><div class=\"iconlist-item-content\">\n<h3>dostupnost.<\/h3>\n<p><span style=\"color: #999\">Nepl\u00e1novan\u00e9 pot\u0159eby se mohou vyskytnout kdykoliv \u2013 a\u0165 u\u017e jde o radu, nebo produkt.<br data-start=\"327\" data-end=\"330\" \/>Proto se v\u017edy sna\u017e\u00edme b\u00fdt k dispozici a udr\u017eovat dostate\u010dn\u00e9 z\u00e1soby pro na\u0161e klienty.<\/span><\/div><\/li><li ><div class=\"iconlist-item-icon\"><i class=\"hank-d-check\"><\/i><\/div><div class=\"iconlist-item-content\">\n<h3>dlouhodob\u011b.<\/h3>\n<p><span style=\"color: #999\">Prodat jednou tis\u00edcovce je jednoduch\u00e9.<br data-start=\"539\" data-end=\"542\" \/>Budovat vztah, aby se klient vracel tis\u00edckr\u00e1t, to je n\u00e1\u0161 c\u00edl.<\/span><\/div><\/li><li ><div class=\"iconlist-item-icon\"><i class=\"hank-d-check\"><\/i><\/div><div class=\"iconlist-item-content\">\n<h3>komunikace.<\/h3>\n<p><span style=\"color: #999\">Naslouch\u00e1me a jedn\u00e1me otev\u0159en\u011b.<br data-start=\"487\" data-end=\"490\" \/>Up\u0159\u00edmn\u00e1 a proaktivn\u00ed komunikace s klienty, partnery i zam\u011bstnanci je z\u00e1kladem na\u0161eho \u00fasp\u011bchu.<\/span><\/div><\/li><\/ul>[\/vc_column][\/vc_row][\/vc_section][vc_section css=&#8220;.vc_custom_1581397630788{padding-top: 80px !important;}&#8220;][vc_row gap=&#8220;35&#8243;][vc_column width=&#8220;1\/2&#8243;][vc_single_image image=&#8220;1249&#8243; img_size=&#8220;full&#8220;][vc_empty_space height=&#8220;30px&#8220;][vc_custom_heading text=&#8220;<strong>na\u0161e posl\u00e1n\u00ed<\/strong>&#8220; font_container=&#8220;tag:h2|font_size:48px|text_align:left|line_height:48px&#8220; use_theme_fonts=&#8220;yes&#8220;][vc_empty_space height=&#8220;15px&#8220;][vc_column_text]<strong>M\u00e1me jedin\u00fd c\u00edl: b\u00fdt va\u0161\u00edm prvn\u00edm dodavatelem, na kter\u00e9ho se obr\u00e1t\u00edte, kdy\u017e pot\u0159ebujete pomoc. <\/strong><span style=\"color: #7f7f7f;\">Na\u0161\u00edm hnac\u00edm motorem je touha pom\u00e1hat klient\u016fm maximalizovat jejich v\u00fdsledky a dosahovat strategick\u00fdch c\u00edl\u016f.<\/span>[\/vc_column_text][vc_empty_space height=&#8220;60px&#8220;][\/vc_column][vc_column width=&#8220;1\/2&#8243;][vc_single_image image=&#8220;1250&#8243; img_size=&#8220;full&#8220;][vc_empty_space height=&#8220;30px&#8220;][vc_custom_heading text=&#8220;<strong>na\u0161e vize<\/strong>&#8220; font_container=&#8220;tag:h2|font_size:48px|text_align:left|line_height:48px&#8220; use_theme_fonts=&#8220;yes&#8220;][vc_empty_space height=&#8220;15px&#8220;][vc_column_text]<span style=\"color: #7f7f7f;\">Up\u0159\u00edmnost, \u00fasil\u00ed, o\u010dek\u00e1v\u00e1n\u00ed a spokojenost \u2013 to jsou pil\u00ed\u0159e zdrav\u00fdch vztah\u016f.<br data-start=\"551\" data-end=\"554\" \/>Ka\u017ed\u00fd den se sna\u017e\u00edme je prom\u011bnit v realitu pro na\u0161e klienty a partnery.<\/span>[\/vc_column_text][vc_empty_space height=&#8220;60px&#8220;][\/vc_column][\/vc_row][vc_row][vc_column][vc_separator][\/vc_column][\/vc_row][\/vc_section][vc_section el_class=&#8220;hiden&#8220;][vc_row css=&#8220;.vc_custom_1581395783488{padding-top: 60px !important;}&#8220;][vc_column][vc_custom_heading text=&#8220;Podporov\u00e1no v\u00edce ne\u017e 9 pr\u016fmyslov\u00fdmi subjekty a medi\u00e1ln\u00edmi partnery&#8220; font_container=&#8220;tag:p|font_size:24px|text_align:left|line_height:30px&#8220; use_theme_fonts=&#8220;yes&#8220;][vc_empty_space height=&#8220;40px&#8220;]<ul class=\"iconlist iconlist iconlist-icon-xlarge \"><li ><div class=\"iconlist-item-icon\"><img decoding=\"async\" src=\"https:\/\/smat-trade.com\/wp-content\/uploads\/2020\/02\/et.svg\" alt=\"et\" \/><\/div><div class=\"iconlist-item-content\"><\/div><\/li><li ><div class=\"iconlist-item-icon\"><img decoding=\"async\" src=\"https:\/\/smat-trade.com\/wp-content\/uploads\/2020\/02\/line.svg\" alt=\"line\" \/><\/div><div class=\"iconlist-item-content\"><\/div><\/li><li ><div class=\"iconlist-item-icon\"><img decoding=\"async\" src=\"https:\/\/smat-trade.com\/wp-content\/uploads\/2020\/02\/gbc.svg\" alt=\"gbc\" \/><\/div><div class=\"iconlist-item-content\"><\/div><\/li><li ><div class=\"iconlist-item-icon\"><img decoding=\"async\" src=\"https:\/\/smat-trade.com\/wp-content\/uploads\/2020\/02\/tf.svg\" alt=\"tf\" \/><\/div><div class=\"iconlist-item-content\"><\/div><\/li><li ><div class=\"iconlist-item-icon\"><img decoding=\"async\" src=\"https:\/\/smat-trade.com\/wp-content\/uploads\/2020\/02\/mgr.svg\" alt=\"mgr\" \/><\/div><div class=\"iconlist-item-content\"><\/div><\/li><li ><div class=\"iconlist-item-icon\"><img decoding=\"async\" src=\"https:\/\/smat-trade.com\/wp-content\/uploads\/2020\/02\/nano2.svg\" alt=\"nano2\" \/><\/div><div class=\"iconlist-item-content\"><\/div><\/li><li ><div class=\"iconlist-item-icon\"><img decoding=\"async\" src=\"https:\/\/smat-trade.com\/wp-content\/uploads\/2020\/02\/hnk2.svg\" alt=\"hnk2\" \/><\/div><div class=\"iconlist-item-content\"><\/div><\/li><li ><div class=\"iconlist-item-icon\"><img decoding=\"async\" src=\"https:\/\/smat-trade.com\/wp-content\/uploads\/2020\/02\/gc.svg\" alt=\"gc\" \/><\/div><div class=\"iconlist-item-content\"><\/div><\/li><li ><div class=\"iconlist-item-icon\"><img decoding=\"async\" src=\"https:\/\/smat-trade.com\/wp-content\/uploads\/2020\/02\/glb.svg\" alt=\"glb\" \/><\/div><div class=\"iconlist-item-content\"><\/div><\/li><\/ul>[vc_empty_space height=&#8220;10px&#8220;][vc_column_text]<a class=\"link has-arrow\" style=\"color: #7f7f7f;\" href=\"https:\/\/smat-trade.com\/about\/\">Zjist\u011bte v\u00edce o spole\u010dnosti<\/a>[\/vc_column_text][\/vc_column][\/vc_row][\/vc_section]<\/p>\n<\/section>","protected":false},"excerpt":{"rendered":"<p>[vc_section css=&#8220;.vc_custom_1705409743365{padding-top: 150px !important;background-color: #1a204a !important;}&#8220;][vc_row content_placement=&#8220;bottom&#8220; css=&#8220;.vc_custom_1575014741811{margin-bottom: 35px !important;}&#8220;][vc_column width=&#8220;1\/2&#8243;][vc_custom_heading text=&#8220;Vytv\u00e1\u0159\u00edme v\u011bci, kter\u00e9 funguj\u00ed a vydr\u017e\u00ed.&#8220; font_container=&#8220;tag:div|font_size:40px|text_align:left|color:%23ffffff|line_height:44px&#8220; use_theme_fonts=&#8220;yes&#8220;][\/vc_column][vc_column width=&#8220;1\/12&#8243;][\/vc_column][vc_column width=&#8220;1\/3&#8243;][vc_column_text][\/vc_column_text][vc_empty_space height=&#8220;25px&#8220;][\/vc_column][vc_column width=&#8220;1\/12&#8243;][\/vc_column][\/vc_row][vc_row][vc_column][vc_wp_custommenu nav_menu=&#8220;41&#8243; el_class=&#8220;columns-5&#8243;][vc_empty_space height=&#8220;30px&#8220;][\/vc_column][\/vc_row][\/vc_section][vc_section css=&#8220;.vc_custom_1576828842517{padding-top: 60px !important;padding-bottom: 20px !important;}&#8220;][vc_row][vc_column][vc_custom_heading text=&#8220;n\u00e1\u0161 hlavn\u00ed c\u00edl&#8220; font_container=&#8220;tag:h2|font_size:64px|text_align:center|line_height:64px&#8220; use_theme_fonts=&#8220;yes&#8220;][vc_empty_space height=&#8220;15px&#8220;][vc_custom_heading text=&#8220;Pom\u00e1h\u00e1me m\u011bnit \u017eivoty na\u0161ich z\u00e1kazn\u00edk\u016f.&#8220; font_container=&#8220;tag:p|font_size:21px|text_align:center|line_height:26px&#8220; use_theme_fonts=&#8220;yes&#8220;][vc_empty_space height=&#8220;70px&#8220;][\/vc_column][\/vc_row][vc_row][vc_column][\/vc_column][\/vc_row][\/vc_section][vc_section css=&#8220;.vc_custom_1581396882857{background-position: 0 0 !important;background-repeat: no-repeat !important;}&#8220;][vc_row content_placement=&#8220;middle&#8220; css=&#8220;.vc_custom_1705831489161{margin-right: 5% !important;margin-bottom: [&hellip;]<\/p>\n","protected":false},"author":1,"featured_media":0,"parent":2466,"menu_order":0,"comment_status":"closed","ping_status":"closed","template":"tmpl\/template-fullwidth.php","meta":{"inline_featured_image":false,"footnotes":""},"class_list":["post-2502","page","type-page","status-publish","hentry"],"acf":[],"yoast_head":"<!-- This site is optimized with the Yoast SEO plugin v22.2 - https:\/\/yoast.com\/wordpress\/plugins\/seo\/ -->\n<title>Z\u00e1kladn\u00ed hodnoty - Smattrade<\/title>\n<meta name=\"robots\" content=\"index, follow, max-snippet:-1, max-image-preview:large, max-video-preview:-1\" \/>\n<link rel=\"canonical\" href=\"https:\/\/smat-trade.com\/cs\/o-strankach\/zakladni-hodnoty\/\" \/>\n<meta property=\"og:locale\" content=\"cs_CZ\" \/>\n<meta property=\"og:type\" content=\"article\" \/>\n<meta property=\"og:title\" content=\"Z\u00e1kladn\u00ed hodnoty - Smattrade\" \/>\n<meta property=\"og:description\" content=\"[vc_section css=&#8220;.vc_custom_1705409743365{padding-top: 150px !important;background-color: #1a204a !important;}&#8220;][vc_row content_placement=&#8220;bottom&#8220; css=&#8220;.vc_custom_1575014741811{margin-bottom: 35px !important;}&#8220;][vc_column width=&#8220;1\/2&#8243;][vc_custom_heading text=&#8220;Vytv\u00e1\u0159\u00edme v\u011bci, kter\u00e9 funguj\u00ed a vydr\u017e\u00ed.&#8220; font_container=&#8220;tag:div|font_size:40px|text_align:left|color:%23ffffff|line_height:44px&#8220; use_theme_fonts=&#8220;yes&#8220;][\/vc_column][vc_column width=&#8220;1\/12&#8243;][\/vc_column][vc_column width=&#8220;1\/3&#8243;][vc_column_text][\/vc_column_text][vc_empty_space height=&#8220;25px&#8220;][\/vc_column][vc_column width=&#8220;1\/12&#8243;][\/vc_column][\/vc_row][vc_row][vc_column][vc_wp_custommenu nav_menu=&#8220;41&#8243; el_class=&#8220;columns-5&#8243;][vc_empty_space height=&#8220;30px&#8220;][\/vc_column][\/vc_row][\/vc_section][vc_section css=&#8220;.vc_custom_1576828842517{padding-top: 60px !important;padding-bottom: 20px !important;}&#8220;][vc_row][vc_column][vc_custom_heading text=&#8220;n\u00e1\u0161 hlavn\u00ed c\u00edl&#8220; font_container=&#8220;tag:h2|font_size:64px|text_align:center|line_height:64px&#8220; use_theme_fonts=&#8220;yes&#8220;][vc_empty_space height=&#8220;15px&#8220;][vc_custom_heading text=&#8220;Pom\u00e1h\u00e1me m\u011bnit \u017eivoty na\u0161ich z\u00e1kazn\u00edk\u016f.&#8220; font_container=&#8220;tag:p|font_size:21px|text_align:center|line_height:26px&#8220; use_theme_fonts=&#8220;yes&#8220;][vc_empty_space height=&#8220;70px&#8220;][\/vc_column][\/vc_row][vc_row][vc_column][\/vc_column][\/vc_row][\/vc_section][vc_section css=&#8220;.vc_custom_1581396882857{background-position: 0 0 !important;background-repeat: no-repeat !important;}&#8220;][vc_row content_placement=&#8220;middle&#8220; css=&#8220;.vc_custom_1705831489161{margin-right: 5% !important;margin-bottom: [&hellip;]\" \/>\n<meta property=\"og:url\" content=\"https:\/\/smat-trade.com\/cs\/o-strankach\/zakladni-hodnoty\/\" \/>\n<meta property=\"og:site_name\" content=\"Smattrade\" \/>\n<meta property=\"article:modified_time\" content=\"2026-03-10T15:05:35+00:00\" \/>\n<meta name=\"twitter:card\" content=\"summary_large_image\" \/>\n<meta name=\"twitter:label1\" content=\"Odhadovan\u00e1 doba \u010dten\u00ed\" \/>\n\t<meta name=\"twitter:data1\" content=\"3 minuty\" \/>\n<script type=\"application\/ld+json\" class=\"yoast-schema-graph\">{\"@context\":\"https:\/\/schema.org\",\"@graph\":[{\"@type\":\"WebPage\",\"@id\":\"https:\/\/smat-trade.com\/cs\/o-strankach\/zakladni-hodnoty\/\",\"url\":\"https:\/\/smat-trade.com\/cs\/o-strankach\/zakladni-hodnoty\/\",\"name\":\"Z\u00e1kladn\u00ed hodnoty - Smattrade\",\"isPartOf\":{\"@id\":\"https:\/\/smat-trade.com\/#website\"},\"datePublished\":\"2019-12-16T01:22:00+00:00\",\"dateModified\":\"2026-03-10T15:05:35+00:00\",\"breadcrumb\":{\"@id\":\"https:\/\/smat-trade.com\/cs\/o-strankach\/zakladni-hodnoty\/#breadcrumb\"},\"inLanguage\":\"cs\",\"potentialAction\":[{\"@type\":\"ReadAction\",\"target\":[\"https:\/\/smat-trade.com\/cs\/o-strankach\/zakladni-hodnoty\/\"]}]},{\"@type\":\"BreadcrumbList\",\"@id\":\"https:\/\/smat-trade.com\/cs\/o-strankach\/zakladni-hodnoty\/#breadcrumb\",\"itemListElement\":[{\"@type\":\"ListItem\",\"position\":1,\"name\":\"Home\",\"item\":\"https:\/\/smat-trade.com\/cs\/\"},{\"@type\":\"ListItem\",\"position\":2,\"name\":\"O str\u00e1nk\u00e1ch\",\"item\":\"https:\/\/smat-trade.com\/cs\/o-strankach\/\"},{\"@type\":\"ListItem\",\"position\":3,\"name\":\"Z\u00e1kladn\u00ed hodnoty\"}]},{\"@type\":\"WebSite\",\"@id\":\"https:\/\/smat-trade.com\/#website\",\"url\":\"https:\/\/smat-trade.com\/\",\"name\":\"Smattrade\",\"description\":\"ETICS accessories specialist\",\"potentialAction\":[{\"@type\":\"SearchAction\",\"target\":{\"@type\":\"EntryPoint\",\"urlTemplate\":\"https:\/\/smat-trade.com\/?s={search_term_string}\"},\"query-input\":\"required name=search_term_string\"}],\"inLanguage\":\"cs\"}]}<\/script>\n<!-- \/ Yoast SEO plugin. -->","yoast_head_json":{"title":"Z\u00e1kladn\u00ed hodnoty - Smattrade","robots":{"index":"index","follow":"follow","max-snippet":"max-snippet:-1","max-image-preview":"max-image-preview:large","max-video-preview":"max-video-preview:-1"},"canonical":"https:\/\/smat-trade.com\/cs\/o-strankach\/zakladni-hodnoty\/","og_locale":"cs_CZ","og_type":"article","og_title":"Z\u00e1kladn\u00ed hodnoty - Smattrade","og_description":"[vc_section css=&#8220;.vc_custom_1705409743365{padding-top: 150px !important;background-color: #1a204a !important;}&#8220;][vc_row content_placement=&#8220;bottom&#8220; css=&#8220;.vc_custom_1575014741811{margin-bottom: 35px !important;}&#8220;][vc_column width=&#8220;1\/2&#8243;][vc_custom_heading text=&#8220;Vytv\u00e1\u0159\u00edme v\u011bci, kter\u00e9 funguj\u00ed a vydr\u017e\u00ed.&#8220; font_container=&#8220;tag:div|font_size:40px|text_align:left|color:%23ffffff|line_height:44px&#8220; use_theme_fonts=&#8220;yes&#8220;][\/vc_column][vc_column width=&#8220;1\/12&#8243;][\/vc_column][vc_column width=&#8220;1\/3&#8243;][vc_column_text][\/vc_column_text][vc_empty_space height=&#8220;25px&#8220;][\/vc_column][vc_column width=&#8220;1\/12&#8243;][\/vc_column][\/vc_row][vc_row][vc_column][vc_wp_custommenu nav_menu=&#8220;41&#8243; el_class=&#8220;columns-5&#8243;][vc_empty_space height=&#8220;30px&#8220;][\/vc_column][\/vc_row][\/vc_section][vc_section css=&#8220;.vc_custom_1576828842517{padding-top: 60px !important;padding-bottom: 20px !important;}&#8220;][vc_row][vc_column][vc_custom_heading text=&#8220;n\u00e1\u0161 hlavn\u00ed c\u00edl&#8220; font_container=&#8220;tag:h2|font_size:64px|text_align:center|line_height:64px&#8220; use_theme_fonts=&#8220;yes&#8220;][vc_empty_space height=&#8220;15px&#8220;][vc_custom_heading text=&#8220;Pom\u00e1h\u00e1me m\u011bnit \u017eivoty na\u0161ich z\u00e1kazn\u00edk\u016f.&#8220; font_container=&#8220;tag:p|font_size:21px|text_align:center|line_height:26px&#8220; use_theme_fonts=&#8220;yes&#8220;][vc_empty_space height=&#8220;70px&#8220;][\/vc_column][\/vc_row][vc_row][vc_column][\/vc_column][\/vc_row][\/vc_section][vc_section css=&#8220;.vc_custom_1581396882857{background-position: 0 0 !important;background-repeat: no-repeat !important;}&#8220;][vc_row content_placement=&#8220;middle&#8220; css=&#8220;.vc_custom_1705831489161{margin-right: 5% !important;margin-bottom: [&hellip;]","og_url":"https:\/\/smat-trade.com\/cs\/o-strankach\/zakladni-hodnoty\/","og_site_name":"Smattrade","article_modified_time":"2026-03-10T15:05:35+00:00","twitter_card":"summary_large_image","twitter_misc":{"Odhadovan\u00e1 doba \u010dten\u00ed":"3 minuty"},"schema":{"@context":"https:\/\/schema.org","@graph":[{"@type":"WebPage","@id":"https:\/\/smat-trade.com\/cs\/o-strankach\/zakladni-hodnoty\/","url":"https:\/\/smat-trade.com\/cs\/o-strankach\/zakladni-hodnoty\/","name":"Z\u00e1kladn\u00ed hodnoty - Smattrade","isPartOf":{"@id":"https:\/\/smat-trade.com\/#website"},"datePublished":"2019-12-16T01:22:00+00:00","dateModified":"2026-03-10T15:05:35+00:00","breadcrumb":{"@id":"https:\/\/smat-trade.com\/cs\/o-strankach\/zakladni-hodnoty\/#breadcrumb"},"inLanguage":"cs","potentialAction":[{"@type":"ReadAction","target":["https:\/\/smat-trade.com\/cs\/o-strankach\/zakladni-hodnoty\/"]}]},{"@type":"BreadcrumbList","@id":"https:\/\/smat-trade.com\/cs\/o-strankach\/zakladni-hodnoty\/#breadcrumb","itemListElement":[{"@type":"ListItem","position":1,"name":"Home","item":"https:\/\/smat-trade.com\/cs\/"},{"@type":"ListItem","position":2,"name":"O str\u00e1nk\u00e1ch","item":"https:\/\/smat-trade.com\/cs\/o-strankach\/"},{"@type":"ListItem","position":3,"name":"Z\u00e1kladn\u00ed hodnoty"}]},{"@type":"WebSite","@id":"https:\/\/smat-trade.com\/#website","url":"https:\/\/smat-trade.com\/","name":"Smattrade","description":"ETICS accessories specialist","potentialAction":[{"@type":"SearchAction","target":{"@type":"EntryPoint","urlTemplate":"https:\/\/smat-trade.com\/?s={search_term_string}"},"query-input":"required name=search_term_string"}],"inLanguage":"cs"}]}},"_links":{"self":[{"href":"https:\/\/smat-trade.com\/cs\/wp-json\/wp\/v2\/pages\/2502"}],"collection":[{"href":"https:\/\/smat-trade.com\/cs\/wp-json\/wp\/v2\/pages"}],"about":[{"href":"https:\/\/smat-trade.com\/cs\/wp-json\/wp\/v2\/types\/page"}],"author":[{"embeddable":true,"href":"https:\/\/smat-trade.com\/cs\/wp-json\/wp\/v2\/users\/1"}],"replies":[{"embeddable":true,"href":"https:\/\/smat-trade.com\/cs\/wp-json\/wp\/v2\/comments?post=2502"}],"version-history":[{"count":13,"href":"https:\/\/smat-trade.com\/cs\/wp-json\/wp\/v2\/pages\/2502\/revisions"}],"predecessor-version":[{"id":3570,"href":"https:\/\/smat-trade.com\/cs\/wp-json\/wp\/v2\/pages\/2502\/revisions\/3570"}],"up":[{"embeddable":true,"href":"https:\/\/smat-trade.com\/cs\/wp-json\/wp\/v2\/pages\/2466"}],"wp:attachment":[{"href":"https:\/\/smat-trade.com\/cs\/wp-json\/wp\/v2\/media?parent=2502"}],"curies":[{"name":"wp","href":"https:\/\/api.w.org\/{rel}","templated":true}]}}